{"id":73,"date":"2019-12-26T20:37:24","date_gmt":"2019-12-26T19:37:24","guid":{"rendered":"https:\/\/soleilrouge.fr\/?page_id=73"},"modified":"2022-11-07T12:39:47","modified_gmt":"2022-11-07T11:39:47","slug":"contact-et-reservation","status":"publish","type":"page","link":"https:\/\/soleilrouge.fr\/index.php\/contact-et-reservation\/","title":{"rendered":"Contact et Reservation"},"content":{"rendered":"\n<h4 class=\"has-text-align-center wp-block-heading\">Nos coordonn\u00e9es :<br>173 Chemin de la Poterie &#8211; 83600 &#8211; Les Adrets de l&rsquo;Esterel -Var &#8211; France <\/h4>\n\n\n\n<h4 class=\"has-text-align-center wp-block-heading\">+33 (0)4 94 82 24 57<\/h4>\n\n\n\n<p><\/p>\n\n\n\n<div class=\"wp-block-buttons is-content-justification-center is-layout-flex wp-container-core-buttons-is-layout-16018d1d wp-block-buttons-is-layout-flex\">\n<div class=\"wp-block-button\"><a class=\"wp-block-button__link has-very-light-gray-color has-text-color has-background wp-element-button\" href=\"https:\/\/soleilrouge.fr\/index.php\/plan-dacces\/\" style=\"background:linear-gradient(135deg,rgb(229,65,6) 0%,rgb(224,163,82) 100%)\" target=\"_blank\" rel=\"noreferrer noopener\">Visualisez le plan d&rsquo;acc\u00e8s aux gites<\/a><\/div>\n<\/div>\n\n\n\n<p class=\"has-text-align-center\"><div class=\"wpforms-container wpforms-container-full\" id=\"wpforms-96\"><form id=\"wpforms-form-96\" class=\"wpforms-validate wpforms-form\" data-formid=\"96\" method=\"post\" enctype=\"multipart\/form-data\" action=\"\/index.php\/wp-json\/wp\/v2\/pages\/73\" data-token=\"b2075fa71bcac079d7dbdef91715c669\" data-token-time=\"1776571075\"><noscript class=\"wpforms-error-noscript\">Veuillez activer JavaScript dans votre navigateur pour remplir ce formulaire.<\/noscript><div class=\"wpforms-field-container\"><div id=\"wpforms-96-field_0-container\" class=\"wpforms-field wpforms-field-name\" data-field-id=\"0\"><label class=\"wpforms-field-label\">Nom <span class=\"wpforms-required-label\">*<\/span><\/label><div class=\"wpforms-field-row wpforms-field-medium\"><div class=\"wpforms-field-row-block wpforms-first wpforms-one-half\"><input type=\"text\" id=\"wpforms-96-field_0\" class=\"wpforms-field-name-first wpforms-field-required\" name=\"wpforms[fields][0][first]\" required><label for=\"wpforms-96-field_0\" class=\"wpforms-field-sublabel after\">Pr\u00e9nom<\/label><\/div><div class=\"wpforms-field-row-block wpforms-one-half\"><input type=\"text\" id=\"wpforms-96-field_0-last\" class=\"wpforms-field-name-last wpforms-field-required\" name=\"wpforms[fields][0][last]\" required><label for=\"wpforms-96-field_0-last\" class=\"wpforms-field-sublabel after\">Nom<\/label><\/div><\/div><\/div><div id=\"wpforms-96-field_3-container\" class=\"wpforms-field wpforms-field-number\" data-field-id=\"3\"><label class=\"wpforms-field-label\" for=\"wpforms-96-field_3\">T\u00e9l\u00e9phone <span class=\"wpforms-required-label\">*<\/span><\/label><input type=\"number\" id=\"wpforms-96-field_3\" class=\"wpforms-field-small wpforms-field-required\" name=\"wpforms[fields][3]\" step=\"any\" required><\/div><div id=\"wpforms-96-field_1-container\" class=\"wpforms-field wpforms-field-email\" data-field-id=\"1\"><label class=\"wpforms-field-label\" for=\"wpforms-96-field_1\">E-mail <span class=\"wpforms-required-label\">*<\/span><\/label><input type=\"email\" id=\"wpforms-96-field_1\" class=\"wpforms-field-medium wpforms-field-required\" name=\"wpforms[fields][1]\" spellcheck=\"false\" required><\/div><div id=\"wpforms-96-field_4-container\" class=\"wpforms-field wpforms-field-text\" data-field-id=\"4\"><label class=\"wpforms-field-label\" for=\"wpforms-96-field_4\">Ville<\/label><input type=\"text\" id=\"wpforms-96-field_4\" class=\"wpforms-field-small\" name=\"wpforms[fields][4]\" ><\/div><div id=\"wpforms-96-field_5-container\" class=\"wpforms-field wpforms-field-text\" data-field-id=\"5\"><label class=\"wpforms-field-label\" for=\"wpforms-96-field_5\">Pays<\/label><input type=\"text\" id=\"wpforms-96-field_5\" class=\"wpforms-field-small\" name=\"wpforms[fields][5]\" ><\/div><div id=\"wpforms-96-field_2-container\" class=\"wpforms-field wpforms-field-textarea\" data-field-id=\"2\"><label class=\"wpforms-field-label\" for=\"wpforms-96-field_2\">Laisser nous un message ou indiquer les dates de reservations et logement voulues <span class=\"wpforms-required-label\">*<\/span><\/label><textarea id=\"wpforms-96-field_2\" class=\"wpforms-field-medium wpforms-field-required\" name=\"wpforms[fields][2]\" required><\/textarea><\/div><\/div><!-- .wpforms-field-container --><div class=\"wpforms-field wpforms-field-hp\"><label for=\"wpforms-96-field-hp\" class=\"wpforms-field-label\">Phone<\/label><input type=\"text\" name=\"wpforms[hp]\" id=\"wpforms-96-field-hp\" class=\"wpforms-field-medium\"><\/div><div class=\"wpforms-recaptcha-container wpforms-is-recaptcha wpforms-is-recaptcha-type-v2\" ><div class=\"g-recaptcha\" data-sitekey=\"6LdhdMoUAAAAAGRwXytkzI-zy648UHKMz-8dVOJE\"><\/div><input type=\"text\" name=\"g-recaptcha-hidden\" class=\"wpforms-recaptcha-hidden\" style=\"position:absolute!important;clip:rect(0,0,0,0)!important;height:1px!important;width:1px!important;border:0!important;overflow:hidden!important;padding:0!important;margin:0!important;\" data-rule-recaptcha=\"1\"><\/div><div class=\"wpforms-submit-container\" ><input type=\"hidden\" name=\"wpforms[id]\" value=\"96\"><input type=\"hidden\" name=\"page_title\" value=\"\"><input type=\"hidden\" name=\"page_url\" value=\"https:\/\/soleilrouge.fr\/index.php\/wp-json\/wp\/v2\/pages\/73\"><input type=\"hidden\" name=\"url_referer\" value=\"\"><button type=\"submit\" name=\"wpforms[submit]\" id=\"wpforms-submit-96\" class=\"wpforms-submit\" data-alt-text=\"Envoi...\" data-submit-text=\"Envoyer\" aria-live=\"assertive\" value=\"wpforms-submit\">Envoyer<\/button><\/div><\/form><\/div>  <!-- .wpforms-container --><\/p>\n\n\n\n<p><\/p>\n","protected":false},"excerpt":{"rendered":"<p>Nos coordonn\u00e9es :173 Chemin de la Poterie &#8211; 83600 &#8211; Les Adrets de l&rsquo;Esterel -Var &#8211; France +33 (0)4 94 82 24 57<\/p>\n","protected":false},"author":1,"featured_media":0,"parent":0,"menu_order":0,"comment_status":"closed","ping_status":"closed","template":"","meta":{"footnotes":""},"class_list":["post-73","page","type-page","status-publish","hentry"],"yoast_head":"<!-- This site is optimized with the Yoast SEO plugin v24.9 - https:\/\/yoast.com\/wordpress\/plugins\/seo\/ -->\n<title>Contact et Reservation - SOLEIL ROUGE<\/title>\n<meta name=\"description\" content=\"Location de vacances en g\u00eetes class\u00e9s 3* id\u00e9alement situ\u00e9 entre Fr\u00e9jus et Cannes. Repos et soleil, proche des plus belles plages de la c\u00f4te d&#039;azur.\" \/>\n<meta name=\"robots\" content=\"index, follow, max-snippet:-1, max-image-preview:large, max-video-preview:-1\" \/>\n<link rel=\"canonical\" href=\"https:\/\/soleilrouge.fr\/index.php\/contact-et-reservation\/\" \/>\n<meta property=\"og:locale\" content=\"fr_FR\" \/>\n<meta property=\"og:type\" content=\"article\" \/>\n<meta property=\"og:title\" content=\"Contact et Reservation - SOLEIL ROUGE\" \/>\n<meta property=\"og:description\" content=\"Location de vacances en g\u00eetes class\u00e9s 3* id\u00e9alement situ\u00e9 entre Fr\u00e9jus et Cannes. Repos et soleil, proche des plus belles plages de la c\u00f4te d&#039;azur.\" \/>\n<meta property=\"og:url\" content=\"https:\/\/soleilrouge.fr\/index.php\/contact-et-reservation\/\" \/>\n<meta property=\"og:site_name\" content=\"SOLEIL ROUGE\" \/>\n<meta property=\"article:publisher\" content=\"https:\/\/www.facebook.com\/gites.soleil.rouge\/\" \/>\n<meta property=\"article:modified_time\" content=\"2022-11-07T11:39:47+00:00\" \/>\n<meta name=\"twitter:card\" content=\"summary_large_image\" \/>\n<meta name=\"twitter:label1\" content=\"Dur\u00e9e de lecture estim\u00e9e\" \/>\n\t<meta name=\"twitter:data1\" content=\"1 minute\" \/>\n<script type=\"application\/ld+json\" class=\"yoast-schema-graph\">{\"@context\":\"https:\/\/schema.org\",\"@graph\":[{\"@type\":\"WebPage\",\"@id\":\"https:\/\/soleilrouge.fr\/index.php\/contact-et-reservation\/\",\"url\":\"https:\/\/soleilrouge.fr\/index.php\/contact-et-reservation\/\",\"name\":\"Contact et Reservation - SOLEIL ROUGE\",\"isPartOf\":{\"@id\":\"https:\/\/soleilrouge.fr\/#website\"},\"datePublished\":\"2019-12-26T19:37:24+00:00\",\"dateModified\":\"2022-11-07T11:39:47+00:00\",\"description\":\"Location de vacances en g\u00eetes class\u00e9s 3* id\u00e9alement situ\u00e9 entre Fr\u00e9jus et Cannes. Repos et soleil, proche des plus belles plages de la c\u00f4te d'azur.\",\"breadcrumb\":{\"@id\":\"https:\/\/soleilrouge.fr\/index.php\/contact-et-reservation\/#breadcrumb\"},\"inLanguage\":\"fr-FR\",\"potentialAction\":[{\"@type\":\"ReadAction\",\"target\":[\"https:\/\/soleilrouge.fr\/index.php\/contact-et-reservation\/\"]}]},{\"@type\":\"BreadcrumbList\",\"@id\":\"https:\/\/soleilrouge.fr\/index.php\/contact-et-reservation\/#breadcrumb\",\"itemListElement\":[{\"@type\":\"ListItem\",\"position\":1,\"name\":\"Accueil\",\"item\":\"https:\/\/soleilrouge.fr\/\"},{\"@type\":\"ListItem\",\"position\":2,\"name\":\"Contact et Reservation\"}]},{\"@type\":\"WebSite\",\"@id\":\"https:\/\/soleilrouge.fr\/#website\",\"url\":\"https:\/\/soleilrouge.fr\/\",\"name\":\"SOLEIL ROUGE\",\"description\":\"G\u00eetes de tourisme class\u00e9s *** au c\u0153ur de l&#039;Esterel (Var - France)\",\"publisher\":{\"@id\":\"https:\/\/soleilrouge.fr\/#organization\"},\"potentialAction\":[{\"@type\":\"SearchAction\",\"target\":{\"@type\":\"EntryPoint\",\"urlTemplate\":\"https:\/\/soleilrouge.fr\/?s={search_term_string}\"},\"query-input\":{\"@type\":\"PropertyValueSpecification\",\"valueRequired\":true,\"valueName\":\"search_term_string\"}}],\"inLanguage\":\"fr-FR\"},{\"@type\":\"Organization\",\"@id\":\"https:\/\/soleilrouge.fr\/#organization\",\"name\":\"Gites Soleil Rouge\",\"url\":\"https:\/\/soleilrouge.fr\/\",\"logo\":{\"@type\":\"ImageObject\",\"inLanguage\":\"fr-FR\",\"@id\":\"https:\/\/soleilrouge.fr\/#\/schema\/logo\/image\/\",\"url\":\"https:\/\/soleilrouge.fr\/wp-content\/uploads\/2019\/12\/cropped-Logo-Soleil-Rouge-New.png\",\"contentUrl\":\"https:\/\/soleilrouge.fr\/wp-content\/uploads\/2019\/12\/cropped-Logo-Soleil-Rouge-New.png\",\"width\":512,\"height\":512,\"caption\":\"Gites Soleil Rouge\"},\"image\":{\"@id\":\"https:\/\/soleilrouge.fr\/#\/schema\/logo\/image\/\"},\"sameAs\":[\"https:\/\/www.facebook.com\/gites.soleil.rouge\/\"]}]}<\/script>\n<!-- \/ Yoast SEO plugin. -->","yoast_head_json":{"title":"Contact et Reservation - SOLEIL ROUGE","description":"Location de vacances en g\u00eetes class\u00e9s 3* id\u00e9alement situ\u00e9 entre Fr\u00e9jus et Cannes. Repos et soleil, proche des plus belles plages de la c\u00f4te d'azur.","robots":{"index":"index","follow":"follow","max-snippet":"max-snippet:-1","max-image-preview":"max-image-preview:large","max-video-preview":"max-video-preview:-1"},"canonical":"https:\/\/soleilrouge.fr\/index.php\/contact-et-reservation\/","og_locale":"fr_FR","og_type":"article","og_title":"Contact et Reservation - SOLEIL ROUGE","og_description":"Location de vacances en g\u00eetes class\u00e9s 3* id\u00e9alement situ\u00e9 entre Fr\u00e9jus et Cannes. Repos et soleil, proche des plus belles plages de la c\u00f4te d'azur.","og_url":"https:\/\/soleilrouge.fr\/index.php\/contact-et-reservation\/","og_site_name":"SOLEIL ROUGE","article_publisher":"https:\/\/www.facebook.com\/gites.soleil.rouge\/","article_modified_time":"2022-11-07T11:39:47+00:00","twitter_card":"summary_large_image","twitter_misc":{"Dur\u00e9e de lecture estim\u00e9e":"1 minute"},"schema":{"@context":"https:\/\/schema.org","@graph":[{"@type":"WebPage","@id":"https:\/\/soleilrouge.fr\/index.php\/contact-et-reservation\/","url":"https:\/\/soleilrouge.fr\/index.php\/contact-et-reservation\/","name":"Contact et Reservation - SOLEIL ROUGE","isPartOf":{"@id":"https:\/\/soleilrouge.fr\/#website"},"datePublished":"2019-12-26T19:37:24+00:00","dateModified":"2022-11-07T11:39:47+00:00","description":"Location de vacances en g\u00eetes class\u00e9s 3* id\u00e9alement situ\u00e9 entre Fr\u00e9jus et Cannes. Repos et soleil, proche des plus belles plages de la c\u00f4te d'azur.","breadcrumb":{"@id":"https:\/\/soleilrouge.fr\/index.php\/contact-et-reservation\/#breadcrumb"},"inLanguage":"fr-FR","potentialAction":[{"@type":"ReadAction","target":["https:\/\/soleilrouge.fr\/index.php\/contact-et-reservation\/"]}]},{"@type":"BreadcrumbList","@id":"https:\/\/soleilrouge.fr\/index.php\/contact-et-reservation\/#breadcrumb","itemListElement":[{"@type":"ListItem","position":1,"name":"Accueil","item":"https:\/\/soleilrouge.fr\/"},{"@type":"ListItem","position":2,"name":"Contact et Reservation"}]},{"@type":"WebSite","@id":"https:\/\/soleilrouge.fr\/#website","url":"https:\/\/soleilrouge.fr\/","name":"SOLEIL ROUGE","description":"G\u00eetes de tourisme class\u00e9s *** au c\u0153ur de l&#039;Esterel (Var - France)","publisher":{"@id":"https:\/\/soleilrouge.fr\/#organization"},"potentialAction":[{"@type":"SearchAction","target":{"@type":"EntryPoint","urlTemplate":"https:\/\/soleilrouge.fr\/?s={search_term_string}"},"query-input":{"@type":"PropertyValueSpecification","valueRequired":true,"valueName":"search_term_string"}}],"inLanguage":"fr-FR"},{"@type":"Organization","@id":"https:\/\/soleilrouge.fr\/#organization","name":"Gites Soleil Rouge","url":"https:\/\/soleilrouge.fr\/","logo":{"@type":"ImageObject","inLanguage":"fr-FR","@id":"https:\/\/soleilrouge.fr\/#\/schema\/logo\/image\/","url":"https:\/\/soleilrouge.fr\/wp-content\/uploads\/2019\/12\/cropped-Logo-Soleil-Rouge-New.png","contentUrl":"https:\/\/soleilrouge.fr\/wp-content\/uploads\/2019\/12\/cropped-Logo-Soleil-Rouge-New.png","width":512,"height":512,"caption":"Gites Soleil Rouge"},"image":{"@id":"https:\/\/soleilrouge.fr\/#\/schema\/logo\/image\/"},"sameAs":["https:\/\/www.facebook.com\/gites.soleil.rouge\/"]}]}},"_links":{"self":[{"href":"https:\/\/soleilrouge.fr\/index.php\/wp-json\/wp\/v2\/pages\/73","targetHints":{"allow":["GET"]}}],"collection":[{"href":"https:\/\/soleilrouge.fr\/index.php\/wp-json\/wp\/v2\/pages"}],"about":[{"href":"https:\/\/soleilrouge.fr\/index.php\/wp-json\/wp\/v2\/types\/page"}],"author":[{"embeddable":true,"href":"https:\/\/soleilrouge.fr\/index.php\/wp-json\/wp\/v2\/users\/1"}],"replies":[{"embeddable":true,"href":"https:\/\/soleilrouge.fr\/index.php\/wp-json\/wp\/v2\/comments?post=73"}],"version-history":[{"count":10,"href":"https:\/\/soleilrouge.fr\/index.php\/wp-json\/wp\/v2\/pages\/73\/revisions"}],"predecessor-version":[{"id":484,"href":"https:\/\/soleilrouge.fr\/index.php\/wp-json\/wp\/v2\/pages\/73\/revisions\/484"}],"wp:attachment":[{"href":"https:\/\/soleilrouge.fr\/index.php\/wp-json\/wp\/v2\/media?parent=73"}],"curies":[{"name":"wp","href":"https:\/\/api.w.org\/{rel}","templated":true}]}}