{"id":316,"date":"2020-06-07T12:21:38","date_gmt":"2020-06-07T10:21:38","guid":{"rendered":"https:\/\/soleilrouge.fr\/?page_id=316"},"modified":"2025-01-02T19:22:46","modified_gmt":"2025-01-02T18:22:46","slug":"plan-dacces","status":"publish","type":"page","link":"https:\/\/soleilrouge.fr\/index.php\/plan-dacces\/","title":{"rendered":"<center>Plan d&rsquo;acc\u00e8s<\/center>"},"content":{"rendered":"\n<h4 class=\"wp-block-heading has-text-align-center\">Soleil Rouge &#8211; Gites de vacances<br>173, chemin de la poterie<br>83600   Les Adrets de l&rsquo;Esterel<\/h4>\n\n\n\n<center><figure><iframe loading=\"lazy\" width=\"800\" height=\"600\" tabindex=\"0\" aria-hidden=\"false\" src=\"https:\/\/www.google.com\/maps\/embed?pb=!1m18!1m12!1m3!1d2892.740604747976!2d6.844291315771247!3d43.52860166849629!2m3!1f0!2f0!3f0!3m2!1i1024!2i768!4f13.1!3m3!1m2!1s0x12ce9c3d538dad13%3A0x5b14ca9f128aa954!2sSOLEIL%20ROUGE%20(Gites%20-%20Meubl%C3%A9s%20de%20Tourisme%203)!5e0!3m2!1sfr!2sfr!4v1591525044814!5m2!1sfr!2sfr\" frameborder=\"0\" allowfullscreen=\"\" style=\"border:0;\"><\/iframe><\/figure><\/center>\n","protected":false},"excerpt":{"rendered":"<p>Soleil Rouge &#8211; Gites de vacances173, chemin de la poterie83600 Les Adrets de l&rsquo;Esterel<\/p>\n","protected":false},"author":1,"featured_media":0,"parent":0,"menu_order":0,"comment_status":"closed","ping_status":"closed","template":"","meta":{"footnotes":""},"class_list":["post-316","page","type-page","status-publish","hentry"],"yoast_head":"<!-- This site is optimized with the Yoast SEO plugin v24.9 - https:\/\/yoast.com\/wordpress\/plugins\/seo\/ -->\n<title>Plan d&#039;acc\u00e8s - SOLEIL ROUGE<\/title>\n<meta name=\"description\" content=\"Location de vacances en g\u00eetes class\u00e9s 3* id\u00e9alement situ\u00e9 entre Fr\u00e9jus et Cannes. Repos et soleil, proche des plus belles plages de la c\u00f4te d&#039;azur.\" \/>\n<meta name=\"robots\" content=\"index, follow, max-snippet:-1, max-image-preview:large, max-video-preview:-1\" \/>\n<link rel=\"canonical\" href=\"https:\/\/soleilrouge.fr\/index.php\/plan-dacces\/\" \/>\n<meta property=\"og:locale\" content=\"fr_FR\" \/>\n<meta property=\"og:type\" content=\"article\" \/>\n<meta property=\"og:title\" content=\"Plan d&#039;acc\u00e8s - SOLEIL ROUGE\" \/>\n<meta property=\"og:description\" content=\"Location de vacances en g\u00eetes class\u00e9s 3* id\u00e9alement situ\u00e9 entre Fr\u00e9jus et Cannes. Repos et soleil, proche des plus belles plages de la c\u00f4te d&#039;azur.\" \/>\n<meta property=\"og:url\" content=\"https:\/\/soleilrouge.fr\/index.php\/plan-dacces\/\" \/>\n<meta property=\"og:site_name\" content=\"SOLEIL ROUGE\" \/>\n<meta property=\"article:publisher\" content=\"https:\/\/www.facebook.com\/gites.soleil.rouge\/\" \/>\n<meta property=\"article:modified_time\" content=\"2025-01-02T18:22:46+00:00\" \/>\n<meta name=\"twitter:card\" content=\"summary_large_image\" \/>\n<meta name=\"twitter:label1\" content=\"Dur\u00e9e de lecture estim\u00e9e\" \/>\n\t<meta name=\"twitter:data1\" content=\"1 minute\" \/>\n<script type=\"application\/ld+json\" class=\"yoast-schema-graph\">{\"@context\":\"https:\/\/schema.org\",\"@graph\":[{\"@type\":\"WebPage\",\"@id\":\"https:\/\/soleilrouge.fr\/index.php\/plan-dacces\/\",\"url\":\"https:\/\/soleilrouge.fr\/index.php\/plan-dacces\/\",\"name\":\"Plan d'acc\u00e8s - SOLEIL ROUGE\",\"isPartOf\":{\"@id\":\"https:\/\/soleilrouge.fr\/#website\"},\"datePublished\":\"2020-06-07T10:21:38+00:00\",\"dateModified\":\"2025-01-02T18:22:46+00:00\",\"description\":\"Location de vacances en g\u00eetes class\u00e9s 3* id\u00e9alement situ\u00e9 entre Fr\u00e9jus et Cannes. Repos et soleil, proche des plus belles plages de la c\u00f4te d'azur.\",\"breadcrumb\":{\"@id\":\"https:\/\/soleilrouge.fr\/index.php\/plan-dacces\/#breadcrumb\"},\"inLanguage\":\"fr-FR\",\"potentialAction\":[{\"@type\":\"ReadAction\",\"target\":[\"https:\/\/soleilrouge.fr\/index.php\/plan-dacces\/\"]}]},{\"@type\":\"BreadcrumbList\",\"@id\":\"https:\/\/soleilrouge.fr\/index.php\/plan-dacces\/#breadcrumb\",\"itemListElement\":[{\"@type\":\"ListItem\",\"position\":1,\"name\":\"Accueil\",\"item\":\"https:\/\/soleilrouge.fr\/\"},{\"@type\":\"ListItem\",\"position\":2,\"name\":\"Plan d&rsquo;acc\u00e8s\"}]},{\"@type\":\"WebSite\",\"@id\":\"https:\/\/soleilrouge.fr\/#website\",\"url\":\"https:\/\/soleilrouge.fr\/\",\"name\":\"SOLEIL ROUGE\",\"description\":\"G\u00eetes de tourisme class\u00e9s *** au c\u0153ur de l&#039;Esterel (Var - France)\",\"publisher\":{\"@id\":\"https:\/\/soleilrouge.fr\/#organization\"},\"potentialAction\":[{\"@type\":\"SearchAction\",\"target\":{\"@type\":\"EntryPoint\",\"urlTemplate\":\"https:\/\/soleilrouge.fr\/?s={search_term_string}\"},\"query-input\":{\"@type\":\"PropertyValueSpecification\",\"valueRequired\":true,\"valueName\":\"search_term_string\"}}],\"inLanguage\":\"fr-FR\"},{\"@type\":\"Organization\",\"@id\":\"https:\/\/soleilrouge.fr\/#organization\",\"name\":\"Gites Soleil Rouge\",\"url\":\"https:\/\/soleilrouge.fr\/\",\"logo\":{\"@type\":\"ImageObject\",\"inLanguage\":\"fr-FR\",\"@id\":\"https:\/\/soleilrouge.fr\/#\/schema\/logo\/image\/\",\"url\":\"https:\/\/soleilrouge.fr\/wp-content\/uploads\/2019\/12\/cropped-Logo-Soleil-Rouge-New.png\",\"contentUrl\":\"https:\/\/soleilrouge.fr\/wp-content\/uploads\/2019\/12\/cropped-Logo-Soleil-Rouge-New.png\",\"width\":512,\"height\":512,\"caption\":\"Gites Soleil Rouge\"},\"image\":{\"@id\":\"https:\/\/soleilrouge.fr\/#\/schema\/logo\/image\/\"},\"sameAs\":[\"https:\/\/www.facebook.com\/gites.soleil.rouge\/\"]}]}<\/script>\n<!-- \/ Yoast SEO plugin. -->","yoast_head_json":{"title":"Plan d'acc\u00e8s - SOLEIL ROUGE","description":"Location de vacances en g\u00eetes class\u00e9s 3* id\u00e9alement situ\u00e9 entre Fr\u00e9jus et Cannes. Repos et soleil, proche des plus belles plages de la c\u00f4te d'azur.","robots":{"index":"index","follow":"follow","max-snippet":"max-snippet:-1","max-image-preview":"max-image-preview:large","max-video-preview":"max-video-preview:-1"},"canonical":"https:\/\/soleilrouge.fr\/index.php\/plan-dacces\/","og_locale":"fr_FR","og_type":"article","og_title":"Plan d'acc\u00e8s - SOLEIL ROUGE","og_description":"Location de vacances en g\u00eetes class\u00e9s 3* id\u00e9alement situ\u00e9 entre Fr\u00e9jus et Cannes. Repos et soleil, proche des plus belles plages de la c\u00f4te d'azur.","og_url":"https:\/\/soleilrouge.fr\/index.php\/plan-dacces\/","og_site_name":"SOLEIL ROUGE","article_publisher":"https:\/\/www.facebook.com\/gites.soleil.rouge\/","article_modified_time":"2025-01-02T18:22:46+00:00","twitter_card":"summary_large_image","twitter_misc":{"Dur\u00e9e de lecture estim\u00e9e":"1 minute"},"schema":{"@context":"https:\/\/schema.org","@graph":[{"@type":"WebPage","@id":"https:\/\/soleilrouge.fr\/index.php\/plan-dacces\/","url":"https:\/\/soleilrouge.fr\/index.php\/plan-dacces\/","name":"Plan d'acc\u00e8s - SOLEIL ROUGE","isPartOf":{"@id":"https:\/\/soleilrouge.fr\/#website"},"datePublished":"2020-06-07T10:21:38+00:00","dateModified":"2025-01-02T18:22:46+00:00","description":"Location de vacances en g\u00eetes class\u00e9s 3* id\u00e9alement situ\u00e9 entre Fr\u00e9jus et Cannes. Repos et soleil, proche des plus belles plages de la c\u00f4te d'azur.","breadcrumb":{"@id":"https:\/\/soleilrouge.fr\/index.php\/plan-dacces\/#breadcrumb"},"inLanguage":"fr-FR","potentialAction":[{"@type":"ReadAction","target":["https:\/\/soleilrouge.fr\/index.php\/plan-dacces\/"]}]},{"@type":"BreadcrumbList","@id":"https:\/\/soleilrouge.fr\/index.php\/plan-dacces\/#breadcrumb","itemListElement":[{"@type":"ListItem","position":1,"name":"Accueil","item":"https:\/\/soleilrouge.fr\/"},{"@type":"ListItem","position":2,"name":"Plan d&rsquo;acc\u00e8s"}]},{"@type":"WebSite","@id":"https:\/\/soleilrouge.fr\/#website","url":"https:\/\/soleilrouge.fr\/","name":"SOLEIL ROUGE","description":"G\u00eetes de tourisme class\u00e9s *** au c\u0153ur de l&#039;Esterel (Var - France)","publisher":{"@id":"https:\/\/soleilrouge.fr\/#organization"},"potentialAction":[{"@type":"SearchAction","target":{"@type":"EntryPoint","urlTemplate":"https:\/\/soleilrouge.fr\/?s={search_term_string}"},"query-input":{"@type":"PropertyValueSpecification","valueRequired":true,"valueName":"search_term_string"}}],"inLanguage":"fr-FR"},{"@type":"Organization","@id":"https:\/\/soleilrouge.fr\/#organization","name":"Gites Soleil Rouge","url":"https:\/\/soleilrouge.fr\/","logo":{"@type":"ImageObject","inLanguage":"fr-FR","@id":"https:\/\/soleilrouge.fr\/#\/schema\/logo\/image\/","url":"https:\/\/soleilrouge.fr\/wp-content\/uploads\/2019\/12\/cropped-Logo-Soleil-Rouge-New.png","contentUrl":"https:\/\/soleilrouge.fr\/wp-content\/uploads\/2019\/12\/cropped-Logo-Soleil-Rouge-New.png","width":512,"height":512,"caption":"Gites Soleil Rouge"},"image":{"@id":"https:\/\/soleilrouge.fr\/#\/schema\/logo\/image\/"},"sameAs":["https:\/\/www.facebook.com\/gites.soleil.rouge\/"]}]}},"_links":{"self":[{"href":"https:\/\/soleilrouge.fr\/index.php\/wp-json\/wp\/v2\/pages\/316","targetHints":{"allow":["GET"]}}],"collection":[{"href":"https:\/\/soleilrouge.fr\/index.php\/wp-json\/wp\/v2\/pages"}],"about":[{"href":"https:\/\/soleilrouge.fr\/index.php\/wp-json\/wp\/v2\/types\/page"}],"author":[{"embeddable":true,"href":"https:\/\/soleilrouge.fr\/index.php\/wp-json\/wp\/v2\/users\/1"}],"replies":[{"embeddable":true,"href":"https:\/\/soleilrouge.fr\/index.php\/wp-json\/wp\/v2\/comments?post=316"}],"version-history":[{"count":6,"href":"https:\/\/soleilrouge.fr\/index.php\/wp-json\/wp\/v2\/pages\/316\/revisions"}],"predecessor-version":[{"id":507,"href":"https:\/\/soleilrouge.fr\/index.php\/wp-json\/wp\/v2\/pages\/316\/revisions\/507"}],"wp:attachment":[{"href":"https:\/\/soleilrouge.fr\/index.php\/wp-json\/wp\/v2\/media?parent=316"}],"curies":[{"name":"wp","href":"https:\/\/api.w.org\/{rel}","templated":true}]}}