{"id":21,"date":"2019-12-26T17:07:53","date_gmt":"2019-12-26T16:07:53","guid":{"rendered":"https:\/\/soleilrouge.fr\/?page_id=21"},"modified":"2022-07-12T12:48:07","modified_gmt":"2022-07-12T10:48:07","slug":"gite-mimosa-3-pieces-6-couchages","status":"publish","type":"page","link":"https:\/\/soleilrouge.fr\/index.php\/gite-mimosa-3-pieces-6-couchages\/","title":{"rendered":"G\u00eete Mimosa 3 Pi\u00e8ces &#8211; 6 Couchages"},"content":{"rendered":"\n\t\t<link href=\"https:\/\/soleilrouge.fr\/wp-content\/plugins\/slideshow-ck\/themes\/default\/css\/camera.css\" rel=\"stylesheet\" type=\"text\/css\" \/>\n\t\t<style type=\"text\/css\">\n\t\t\t#camera_wrap_84 .camera_pag_ul li img, #camera_wrap_84 .camera_thumbs_cont ul li img {\n\t\t\t\theight:100px;\n\t\t\t\twidth: auto;\n\t\t\t}\n\t\t\t#camera_wrap_84 .camera_caption {\n\t\t\t\tdisplay: block;\n\t\t\t\tposition: absolute;\n\t\t\t}\n\t\t\t#camera_wrap_84 .camera_caption a.camera_caption_link {\n\t\t\t\tdisplay: block;\n\t\t\t\tposition: absolute;\n\t\t\t\tleft: 0;\n\t\t\t\tright: 0;\n\t\t\t\ttop: 0;\n\t\t\t\tbottom: 0;\n\t\t\t}\n\t\t\t#camera_wrap_84 .camera_caption > div {\n\t\t\t\tbackground: #000000;-moz-border-radius: 5px 5px 5px 5px;-webkit-border-radius: 5px 5px 5px 5px;border-radius: 5px 5px 5px 5px;\t\t\t}\n\t\t\t#camera_wrap_84 .camera_caption div.camera_caption_title {\n\t\t\t\tfont-size: 18px;line-height: 18px;font-weight: normal;\t\t\t}\n\t\t\t#camera_wrap_84 .camera_caption div.camera_caption_desc {\n\t\t\t\tfont-size: 12px;line-height: 12px;font-weight: normal;\t\t\t}\n\t\t<\/style>\n\t\t\t\t<div class=\"slideshowck camera_wrap camera_amber_skin\" id=\"camera_wrap_84\">\n\t\t\t\t\t\t\t<div  data-thumb=\"https:\/\/soleilrouge.fr\/wp-content\/uploads\/2020\/01\/Appartement-3-pieces-en-location-saisonniere-dans-le-var-scaled.jpg\" data-src=\"https:\/\/soleilrouge.fr\/wp-content\/uploads\/2020\/01\/Appartement-3-pieces-en-location-saisonniere-dans-le-var-scaled.jpg\" data-link=\"https:\/\/soleilrouge.fr\/wp-content\/uploads\/2020\/01\/Appartement-3-pieces-en-location-saisonniere-dans-le-var-scaled.jpg\" data-target=\"_parent\">\n\t\t\t\t\t\t\t\t\t\t\t\t<div class=\"camera_caption moveFromLeft\">\n\t\t\t\t\t\t\t\t\t\t\t\t\t\t<div class=\"camera_caption_title\">\n\t\t\t\t\t\t\t\tSalon avec Canap\u00e9 lit Rapido 2 places\t\t\t\t\t\t\t<\/div>\n\t\t\t\t\t\t\t\t\t\t\t\t\t\t\t\t\t\t\t\t\t\t\t\t\t\t\t\t\t\t\t\t\t\t<\/div>\n\t\t\t\t\t\t\t\t\t\t<\/div>\n\t\t\t\t\t\t\t<div  data-thumb=\"https:\/\/soleilrouge.fr\/wp-content\/uploads\/2020\/02\/Chambre-parentale-scaled.jpg\" data-src=\"https:\/\/soleilrouge.fr\/wp-content\/uploads\/2020\/02\/Chambre-parentale-scaled.jpg\" data-link=\"https:\/\/soleilrouge.fr\/wp-content\/uploads\/2020\/02\/Chambre-parentale-scaled.jpg\" data-target=\"_parent\">\n\t\t\t\t\t\t\t\t\t\t\t\t<div class=\"camera_caption moveFromLeft\">\n\t\t\t\t\t\t\t\t\t\t\t\t\t\t<div class=\"camera_caption_title\">\n\t\t\t\t\t\t\t\tChambre parentale\t\t\t\t\t\t\t<\/div>\n\t\t\t\t\t\t\t\t\t\t\t\t\t\t\t\t\t\t\t\t\t\t\t\t\t\t\t\t\t\t\t\t\t\t<\/div>\n\t\t\t\t\t\t\t\t\t\t<\/div>\n\t\t\t\t\t\t\t<div  data-thumb=\"https:\/\/soleilrouge.fr\/wp-content\/uploads\/2019\/12\/chambre-mimosa.jpg\" data-src=\"https:\/\/soleilrouge.fr\/wp-content\/uploads\/2019\/12\/chambre-mimosa.jpg\" data-link=\"https:\/\/soleilrouge.fr\/wp-content\/uploads\/2019\/12\/chambre-mimosa.jpg\" data-target=\"_parent\">\n\t\t\t\t\t\t\t\t\t\t\t\t<div class=\"camera_caption moveFromLeft\">\n\t\t\t\t\t\t\t\t\t\t\t\t\t\t<div class=\"camera_caption_title\">\n\t\t\t\t\t\t\t\tChambre matrimoniale Grand lit\t\t\t\t\t\t\t<\/div>\n\t\t\t\t\t\t\t\t\t\t\t\t\t\t\t\t\t\t\t\t\t\t\t\t\t\t\t\t\t\t\t\t\t\t<\/div>\n\t\t\t\t\t\t\t\t\t\t<\/div>\n\t\t\t\t\t\t\t<div  data-thumb=\"https:\/\/soleilrouge.fr\/wp-content\/uploads\/2019\/12\/coiffeuse-chambre-mimosas.jpg\" data-src=\"https:\/\/soleilrouge.fr\/wp-content\/uploads\/2019\/12\/coiffeuse-chambre-mimosas.jpg\" data-link=\"https:\/\/soleilrouge.fr\/wp-content\/uploads\/2019\/12\/coiffeuse-chambre-mimosas.jpg\" data-target=\"_parent\">\n\t\t\t\t\t\t\t\t\t\t\t\t<div class=\"camera_caption moveFromLeft\">\n\t\t\t\t\t\t\t\t\t\t\t\t\t\t<div class=\"camera_caption_title\">\n\t\t\t\t\t\t\t\tCoiffeuse dans la chambre\t\t\t\t\t\t\t<\/div>\n\t\t\t\t\t\t\t\t\t\t\t\t\t\t\t\t\t\t\t\t\t\t\t\t\t\t\t\t\t\t\t\t\t\t<\/div>\n\t\t\t\t\t\t\t\t\t\t<\/div>\n\t\t\t\t\t\t\t<div  data-thumb=\"https:\/\/soleilrouge.fr\/wp-content\/uploads\/2020\/02\/canape-lit-scaled.jpg\" data-src=\"https:\/\/soleilrouge.fr\/wp-content\/uploads\/2020\/02\/canape-lit-scaled.jpg\" data-link=\"https:\/\/soleilrouge.fr\/wp-content\/uploads\/2020\/02\/canape-lit-scaled.jpg\" data-target=\"_parent\">\n\t\t\t\t\t\t\t\t\t\t\t\t<div class=\"camera_caption moveFromLeft\">\n\t\t\t\t\t\t\t\t\t\t\t\t\t\t<div class=\"camera_caption_title\">\n\t\t\t\t\t\t\t\tCanape lit dans salon\t\t\t\t\t\t\t<\/div>\n\t\t\t\t\t\t\t\t\t\t\t\t\t\t\t\t\t\t\t\t\t\t\t\t\t\t\t\t\t\t\t\t\t\t<\/div>\n\t\t\t\t\t\t\t\t\t\t<\/div>\n\t\t\t\t\t\t\t<div  data-thumb=\"https:\/\/soleilrouge.fr\/wp-content\/uploads\/2020\/02\/Cuisine-Mimosa-scaled.jpg\" data-src=\"https:\/\/soleilrouge.fr\/wp-content\/uploads\/2020\/02\/Cuisine-Mimosa-scaled.jpg\" data-link=\"https:\/\/soleilrouge.fr\/wp-content\/uploads\/2020\/02\/Cuisine-Mimosa-scaled.jpg\" data-target=\"_parent\">\n\t\t\t\t\t\t\t\t\t\t\t\t<div class=\"camera_caption moveFromLeft\">\n\t\t\t\t\t\t\t\t\t\t\t\t\t\t<div class=\"camera_caption_title\">\n\t\t\t\t\t\t\t\tCuisine priv\u00e9e\t\t\t\t\t\t\t<\/div>\n\t\t\t\t\t\t\t\t\t\t\t\t\t\t\t\t\t\t\t\t\t\t\t\t\t\t\t\t\t\t\t\t\t\t<\/div>\n\t\t\t\t\t\t\t\t\t\t<\/div>\n\t\t\t\t\t\t\t<div  data-thumb=\"https:\/\/soleilrouge.fr\/wp-content\/uploads\/2020\/01\/mimosa-cuisine.jpg\" data-src=\"https:\/\/soleilrouge.fr\/wp-content\/uploads\/2020\/01\/mimosa-cuisine.jpg\" data-link=\"https:\/\/soleilrouge.fr\/wp-content\/uploads\/2020\/01\/mimosa-cuisine.jpg\" data-target=\"_parent\">\n\t\t\t\t\t\t\t\t\t\t\t\t<div class=\"camera_caption moveFromLeft\">\n\t\t\t\t\t\t\t\t\t\t\t\t\t\t<div class=\"camera_caption_title\">\n\t\t\t\t\t\t\t\tCuisine \u00e9quip\u00e9e\t\t\t\t\t\t\t<\/div>\n\t\t\t\t\t\t\t\t\t\t\t\t\t\t\t\t\t\t\t\t\t\t\t\t\t\t\t\t\t\t\t\t\t\t<\/div>\n\t\t\t\t\t\t\t\t\t\t<\/div>\n\t\t\t\t\t\t\t<div  data-thumb=\"https:\/\/soleilrouge.fr\/wp-content\/uploads\/2019\/12\/entree-salle-a-manger-mimosa.jpg\" data-src=\"https:\/\/soleilrouge.fr\/wp-content\/uploads\/2019\/12\/entree-salle-a-manger-mimosa.jpg\" data-link=\"https:\/\/soleilrouge.fr\/wp-content\/uploads\/2019\/12\/entree-salle-a-manger-mimosa.jpg\" data-target=\"_parent\">\n\t\t\t\t\t\t\t\t\t\t\t\t<div class=\"camera_caption moveFromLeft\">\n\t\t\t\t\t\t\t\t\t\t\t\t\t\t<div class=\"camera_caption_title\">\n\t\t\t\t\t\t\t\tCoin salle \u00e0 manger\t\t\t\t\t\t\t<\/div>\n\t\t\t\t\t\t\t\t\t\t\t\t\t\t\t\t\t\t\t\t\t\t\t\t\t\t\t\t\t\t\t\t\t\t<\/div>\n\t\t\t\t\t\t\t\t\t\t<\/div>\n\t\t\t\t\t\t\t<div  data-thumb=\"https:\/\/soleilrouge.fr\/wp-content\/uploads\/2020\/01\/P1050810-scaled.jpg\" data-src=\"https:\/\/soleilrouge.fr\/wp-content\/uploads\/2020\/01\/P1050810-scaled.jpg\" data-link=\"https:\/\/soleilrouge.fr\/wp-content\/uploads\/2020\/01\/P1050810-scaled.jpg\" data-target=\"_parent\">\n\t\t\t\t\t\t\t\t\t\t<\/div>\n\t\t\t\t\t\t\t<div  data-thumb=\"https:\/\/soleilrouge.fr\/wp-content\/uploads\/2020\/01\/mimosa-douche.jpg\" data-src=\"https:\/\/soleilrouge.fr\/wp-content\/uploads\/2020\/01\/mimosa-douche.jpg\" data-link=\"https:\/\/soleilrouge.fr\/wp-content\/uploads\/2020\/01\/mimosa-douche.jpg\" data-target=\"_parent\">\n\t\t\t\t\t\t\t\t\t\t\t\t<div class=\"camera_caption moveFromLeft\">\n\t\t\t\t\t\t\t\t\t\t\t\t\t\t<div class=\"camera_caption_title\">\n\t\t\t\t\t\t\t\tDouche \t\t\t\t\t\t\t<\/div>\n\t\t\t\t\t\t\t\t\t\t\t\t\t\t\t\t\t\t\t\t\t\t\t\t\t\t\t\t\t\t\t\t\t\t<\/div>\n\t\t\t\t\t\t\t\t\t\t<\/div>\n\t\t\t\t\t\t\t<div  data-thumb=\"https:\/\/soleilrouge.fr\/wp-content\/uploads\/2020\/01\/P1100985-scaled.jpg\" data-src=\"https:\/\/soleilrouge.fr\/wp-content\/uploads\/2020\/01\/P1100985-scaled.jpg\" data-link=\"https:\/\/soleilrouge.fr\/wp-content\/uploads\/2020\/01\/P1100985-scaled.jpg\" data-target=\"_parent\">\n\t\t\t\t\t\t\t\t\t\t\t\t<div class=\"camera_caption moveFromLeft\">\n\t\t\t\t\t\t\t\t\t\t\t\t\t\t<div class=\"camera_caption_title\">\n\t\t\t\t\t\t\t\tGrande terrasse ensoleill\u00e9e\t\t\t\t\t\t\t<\/div>\n\t\t\t\t\t\t\t\t\t\t\t\t\t\t\t\t\t\t\t\t\t\t\t\t\t\t\t\t\t\t\t\t\t\t<\/div>\n\t\t\t\t\t\t\t\t\t\t<\/div>\n\t\t\t\t\t\t\t<div  data-thumb=\"https:\/\/soleilrouge.fr\/wp-content\/uploads\/2020\/01\/P1100786-scaled.jpg\" data-src=\"https:\/\/soleilrouge.fr\/wp-content\/uploads\/2020\/01\/P1100786-scaled.jpg\" data-link=\"https:\/\/soleilrouge.fr\/wp-content\/uploads\/2020\/01\/P1100786-scaled.jpg\" data-target=\"_parent\">\n\t\t\t\t\t\t\t\t\t\t\t\t<div class=\"camera_caption moveFromLeft\">\n\t\t\t\t\t\t\t\t\t\t\t\t\t\t<div class=\"camera_caption_title\">\n\t\t\t\t\t\t\t\tGrande terrasse  avec parasol\t\t\t\t\t\t\t<\/div>\n\t\t\t\t\t\t\t\t\t\t\t\t\t\t\t\t\t\t\t\t\t\t\t\t\t\t\t\t\t\t\t\t\t\t<\/div>\n\t\t\t\t\t\t\t\t\t\t<\/div>\n\t\t\t\t\t\t\t<div  data-thumb=\"https:\/\/soleilrouge.fr\/wp-content\/uploads\/2020\/01\/P1100989-scaled.jpg\" data-src=\"https:\/\/soleilrouge.fr\/wp-content\/uploads\/2020\/01\/P1100989-scaled.jpg\" data-link=\"https:\/\/soleilrouge.fr\/wp-content\/uploads\/2020\/01\/P1100989-scaled.jpg\" data-target=\"_parent\">\n\t\t\t\t\t\t\t\t\t\t\t\t<div class=\"camera_caption moveFromLeft\">\n\t\t\t\t\t\t\t\t\t\t\t\t\t\t<div class=\"camera_caption_title\">\n\t\t\t\t\t\t\t\tPiscine partag\u00e9e avec 2 studios\t\t\t\t\t\t\t<\/div>\n\t\t\t\t\t\t\t\t\t\t\t\t\t\t\t\t\t\t\t\t\t\t\t\t\t\t\t\t\t\t\t\t\t\t<\/div>\n\t\t\t\t\t\t\t\t\t\t<\/div>\n\t\t\t\t\t\t\t<div  data-thumb=\"https:\/\/soleilrouge.fr\/wp-content\/uploads\/2020\/02\/mimosa-salon-de-jardin.jpg\" data-src=\"https:\/\/soleilrouge.fr\/wp-content\/uploads\/2020\/02\/mimosa-salon-de-jardin.jpg\" data-link=\"https:\/\/soleilrouge.fr\/wp-content\/uploads\/2020\/02\/mimosa-salon-de-jardin.jpg\" data-target=\"_parent\">\n\t\t\t\t\t\t\t\t\t\t\t\t<div class=\"camera_caption moveFromLeft\">\n\t\t\t\t\t\t\t\t\t\t\t\t\t\t<div class=\"camera_caption_title\">\n\t\t\t\t\t\t\t\tSalon de jardin sur terrasse privative\t\t\t\t\t\t\t<\/div>\n\t\t\t\t\t\t\t\t\t\t\t\t\t\t\t\t\t\t\t\t\t\t\t\t\t\t\t\t\t\t\t\t\t\t<\/div>\n\t\t\t\t\t\t\t\t\t\t<\/div>\n\t\t\t\t\t<\/div>\n\t\t<div style=\"clear:both;\"><\/div>\n\t\t\n\n\n\n<p>Le G\u00eete Mimosa est un appartement pr\u00e9vu pour accueillir confortablement 4 adultes et 2 enfants. Climatis\u00e9<\/p>\n\n\n\n<ul class=\"wp-block-list\"><li>1 Salon &#8211; Salle \u00e0 manger avec comptoir Bar et 1 canap\u00e9 convertible pour 2 Personnes (140 cm)<\/li><li>1 chambre avec lit double pour 2 Personnes (140 cm)<\/li><li>1 petite chambre avec 2 lits superpos\u00e9s (2 x 90 cm)<\/li><li>1 Cuisine \u00e9quip\u00e9e avec Plan de cuisson, R\u00e9frig\u00e9rateur\/Cong\u00e9lateur, Combin\u00e9 Four et Four-micro-Onde, lave-vaisselle, Grille-Pain, Cafeti\u00e8re, Bouilloire. Placards de rangement et vaisselle.<\/li><li>1 Salle de douche  &#8211; Wc<\/li><li>Grande penderie<\/li><li>Grande Terrasse priv\u00e9e ensoleill\u00e9e \u00e9quip\u00e9e d&rsquo;une table familiale, parasol et salon de jardin<\/li><\/ul>\n","protected":false},"excerpt":{"rendered":"<p>Le G\u00eete Mimosa est un appartement pr\u00e9vu pour accueillir confortablement 4 adultes et 2 enfants. Climatis\u00e9 1 Salon &#8211; Salle \u00e0 manger avec comptoir Bar et 1 canap\u00e9 convertible pour 2 Personnes (140 cm) 1 chambre avec lit double pour 2 Personnes (140 cm) 1 petite chambre avec 2 lits superpos\u00e9s (2 x 90 cm) [&hellip;]<\/p>\n","protected":false},"author":1,"featured_media":0,"parent":0,"menu_order":0,"comment_status":"closed","ping_status":"closed","template":"","meta":{"footnotes":""},"class_list":["post-21","page","type-page","status-publish","hentry"],"yoast_head":"<!-- This site is optimized with the Yoast SEO plugin v24.9 - https:\/\/yoast.com\/wordpress\/plugins\/seo\/ -->\n<title>G\u00eete Mimosa 3 Pi\u00e8ces - 6 Couchages - SOLEIL ROUGE<\/title>\n<meta name=\"description\" content=\"Mimosa est un appartement de 3 pi\u00e8ces pouvant accueillir confortablement 4 adultes et 2 enfants\" \/>\n<meta name=\"robots\" content=\"index, follow, max-snippet:-1, max-image-preview:large, max-video-preview:-1\" \/>\n<link rel=\"canonical\" href=\"https:\/\/soleilrouge.fr\/index.php\/gite-mimosa-3-pieces-6-couchages\/\" \/>\n<meta property=\"og:locale\" content=\"fr_FR\" \/>\n<meta property=\"og:type\" content=\"article\" \/>\n<meta property=\"og:title\" content=\"G\u00eete Mimosa 3 Pi\u00e8ces - 6 Couchages - SOLEIL ROUGE\" \/>\n<meta property=\"og:description\" content=\"Mimosa est un appartement de 3 pi\u00e8ces pouvant accueillir confortablement 4 adultes et 2 enfants\" \/>\n<meta property=\"og:url\" content=\"https:\/\/soleilrouge.fr\/index.php\/gite-mimosa-3-pieces-6-couchages\/\" \/>\n<meta property=\"og:site_name\" content=\"SOLEIL ROUGE\" \/>\n<meta property=\"article:publisher\" content=\"https:\/\/www.facebook.com\/gites.soleil.rouge\/\" \/>\n<meta property=\"article:modified_time\" content=\"2022-07-12T10:48:07+00:00\" \/>\n<meta name=\"twitter:card\" content=\"summary_large_image\" \/>\n<meta name=\"twitter:label1\" content=\"Dur\u00e9e de lecture estim\u00e9e\" \/>\n\t<meta name=\"twitter:data1\" content=\"1 minute\" \/>\n<script type=\"application\/ld+json\" class=\"yoast-schema-graph\">{\"@context\":\"https:\/\/schema.org\",\"@graph\":[{\"@type\":\"WebPage\",\"@id\":\"https:\/\/soleilrouge.fr\/index.php\/gite-mimosa-3-pieces-6-couchages\/\",\"url\":\"https:\/\/soleilrouge.fr\/index.php\/gite-mimosa-3-pieces-6-couchages\/\",\"name\":\"G\u00eete Mimosa 3 Pi\u00e8ces - 6 Couchages - SOLEIL ROUGE\",\"isPartOf\":{\"@id\":\"https:\/\/soleilrouge.fr\/#website\"},\"datePublished\":\"2019-12-26T16:07:53+00:00\",\"dateModified\":\"2022-07-12T10:48:07+00:00\",\"description\":\"Mimosa est un appartement de 3 pi\u00e8ces pouvant accueillir confortablement 4 adultes et 2 enfants\",\"breadcrumb\":{\"@id\":\"https:\/\/soleilrouge.fr\/index.php\/gite-mimosa-3-pieces-6-couchages\/#breadcrumb\"},\"inLanguage\":\"fr-FR\",\"potentialAction\":[{\"@type\":\"ReadAction\",\"target\":[\"https:\/\/soleilrouge.fr\/index.php\/gite-mimosa-3-pieces-6-couchages\/\"]}]},{\"@type\":\"BreadcrumbList\",\"@id\":\"https:\/\/soleilrouge.fr\/index.php\/gite-mimosa-3-pieces-6-couchages\/#breadcrumb\",\"itemListElement\":[{\"@type\":\"ListItem\",\"position\":1,\"name\":\"Accueil\",\"item\":\"https:\/\/soleilrouge.fr\/\"},{\"@type\":\"ListItem\",\"position\":2,\"name\":\"G\u00eete Mimosa 3 Pi\u00e8ces &#8211; 6 Couchages\"}]},{\"@type\":\"WebSite\",\"@id\":\"https:\/\/soleilrouge.fr\/#website\",\"url\":\"https:\/\/soleilrouge.fr\/\",\"name\":\"SOLEIL ROUGE\",\"description\":\"G\u00eetes de tourisme class\u00e9s *** au c\u0153ur de l&#039;Esterel (Var - France)\",\"publisher\":{\"@id\":\"https:\/\/soleilrouge.fr\/#organization\"},\"potentialAction\":[{\"@type\":\"SearchAction\",\"target\":{\"@type\":\"EntryPoint\",\"urlTemplate\":\"https:\/\/soleilrouge.fr\/?s={search_term_string}\"},\"query-input\":{\"@type\":\"PropertyValueSpecification\",\"valueRequired\":true,\"valueName\":\"search_term_string\"}}],\"inLanguage\":\"fr-FR\"},{\"@type\":\"Organization\",\"@id\":\"https:\/\/soleilrouge.fr\/#organization\",\"name\":\"Gites Soleil Rouge\",\"url\":\"https:\/\/soleilrouge.fr\/\",\"logo\":{\"@type\":\"ImageObject\",\"inLanguage\":\"fr-FR\",\"@id\":\"https:\/\/soleilrouge.fr\/#\/schema\/logo\/image\/\",\"url\":\"https:\/\/soleilrouge.fr\/wp-content\/uploads\/2019\/12\/cropped-Logo-Soleil-Rouge-New.png\",\"contentUrl\":\"https:\/\/soleilrouge.fr\/wp-content\/uploads\/2019\/12\/cropped-Logo-Soleil-Rouge-New.png\",\"width\":512,\"height\":512,\"caption\":\"Gites Soleil Rouge\"},\"image\":{\"@id\":\"https:\/\/soleilrouge.fr\/#\/schema\/logo\/image\/\"},\"sameAs\":[\"https:\/\/www.facebook.com\/gites.soleil.rouge\/\"]}]}<\/script>\n<!-- \/ Yoast SEO plugin. -->","yoast_head_json":{"title":"G\u00eete Mimosa 3 Pi\u00e8ces - 6 Couchages - SOLEIL ROUGE","description":"Mimosa est un appartement de 3 pi\u00e8ces pouvant accueillir confortablement 4 adultes et 2 enfants","robots":{"index":"index","follow":"follow","max-snippet":"max-snippet:-1","max-image-preview":"max-image-preview:large","max-video-preview":"max-video-preview:-1"},"canonical":"https:\/\/soleilrouge.fr\/index.php\/gite-mimosa-3-pieces-6-couchages\/","og_locale":"fr_FR","og_type":"article","og_title":"G\u00eete Mimosa 3 Pi\u00e8ces - 6 Couchages - SOLEIL ROUGE","og_description":"Mimosa est un appartement de 3 pi\u00e8ces pouvant accueillir confortablement 4 adultes et 2 enfants","og_url":"https:\/\/soleilrouge.fr\/index.php\/gite-mimosa-3-pieces-6-couchages\/","og_site_name":"SOLEIL ROUGE","article_publisher":"https:\/\/www.facebook.com\/gites.soleil.rouge\/","article_modified_time":"2022-07-12T10:48:07+00:00","twitter_card":"summary_large_image","twitter_misc":{"Dur\u00e9e de lecture estim\u00e9e":"1 minute"},"schema":{"@context":"https:\/\/schema.org","@graph":[{"@type":"WebPage","@id":"https:\/\/soleilrouge.fr\/index.php\/gite-mimosa-3-pieces-6-couchages\/","url":"https:\/\/soleilrouge.fr\/index.php\/gite-mimosa-3-pieces-6-couchages\/","name":"G\u00eete Mimosa 3 Pi\u00e8ces - 6 Couchages - SOLEIL ROUGE","isPartOf":{"@id":"https:\/\/soleilrouge.fr\/#website"},"datePublished":"2019-12-26T16:07:53+00:00","dateModified":"2022-07-12T10:48:07+00:00","description":"Mimosa est un appartement de 3 pi\u00e8ces pouvant accueillir confortablement 4 adultes et 2 enfants","breadcrumb":{"@id":"https:\/\/soleilrouge.fr\/index.php\/gite-mimosa-3-pieces-6-couchages\/#breadcrumb"},"inLanguage":"fr-FR","potentialAction":[{"@type":"ReadAction","target":["https:\/\/soleilrouge.fr\/index.php\/gite-mimosa-3-pieces-6-couchages\/"]}]},{"@type":"BreadcrumbList","@id":"https:\/\/soleilrouge.fr\/index.php\/gite-mimosa-3-pieces-6-couchages\/#breadcrumb","itemListElement":[{"@type":"ListItem","position":1,"name":"Accueil","item":"https:\/\/soleilrouge.fr\/"},{"@type":"ListItem","position":2,"name":"G\u00eete Mimosa 3 Pi\u00e8ces &#8211; 6 Couchages"}]},{"@type":"WebSite","@id":"https:\/\/soleilrouge.fr\/#website","url":"https:\/\/soleilrouge.fr\/","name":"SOLEIL ROUGE","description":"G\u00eetes de tourisme class\u00e9s *** au c\u0153ur de l&#039;Esterel (Var - France)","publisher":{"@id":"https:\/\/soleilrouge.fr\/#organization"},"potentialAction":[{"@type":"SearchAction","target":{"@type":"EntryPoint","urlTemplate":"https:\/\/soleilrouge.fr\/?s={search_term_string}"},"query-input":{"@type":"PropertyValueSpecification","valueRequired":true,"valueName":"search_term_string"}}],"inLanguage":"fr-FR"},{"@type":"Organization","@id":"https:\/\/soleilrouge.fr\/#organization","name":"Gites Soleil Rouge","url":"https:\/\/soleilrouge.fr\/","logo":{"@type":"ImageObject","inLanguage":"fr-FR","@id":"https:\/\/soleilrouge.fr\/#\/schema\/logo\/image\/","url":"https:\/\/soleilrouge.fr\/wp-content\/uploads\/2019\/12\/cropped-Logo-Soleil-Rouge-New.png","contentUrl":"https:\/\/soleilrouge.fr\/wp-content\/uploads\/2019\/12\/cropped-Logo-Soleil-Rouge-New.png","width":512,"height":512,"caption":"Gites Soleil Rouge"},"image":{"@id":"https:\/\/soleilrouge.fr\/#\/schema\/logo\/image\/"},"sameAs":["https:\/\/www.facebook.com\/gites.soleil.rouge\/"]}]}},"_links":{"self":[{"href":"https:\/\/soleilrouge.fr\/index.php\/wp-json\/wp\/v2\/pages\/21","targetHints":{"allow":["GET"]}}],"collection":[{"href":"https:\/\/soleilrouge.fr\/index.php\/wp-json\/wp\/v2\/pages"}],"about":[{"href":"https:\/\/soleilrouge.fr\/index.php\/wp-json\/wp\/v2\/types\/page"}],"author":[{"embeddable":true,"href":"https:\/\/soleilrouge.fr\/index.php\/wp-json\/wp\/v2\/users\/1"}],"replies":[{"embeddable":true,"href":"https:\/\/soleilrouge.fr\/index.php\/wp-json\/wp\/v2\/comments?post=21"}],"version-history":[{"count":8,"href":"https:\/\/soleilrouge.fr\/index.php\/wp-json\/wp\/v2\/pages\/21\/revisions"}],"predecessor-version":[{"id":425,"href":"https:\/\/soleilrouge.fr\/index.php\/wp-json\/wp\/v2\/pages\/21\/revisions\/425"}],"wp:attachment":[{"href":"https:\/\/soleilrouge.fr\/index.php\/wp-json\/wp\/v2\/media?parent=21"}],"curies":[{"name":"wp","href":"https:\/\/api.w.org\/{rel}","templated":true}]}}