{"id":109,"date":"2019-12-27T20:33:27","date_gmt":"2019-12-27T19:33:27","guid":{"rendered":"https:\/\/soleilrouge.fr\/?page_id=109"},"modified":"2024-12-18T11:46:46","modified_gmt":"2024-12-18T10:46:46","slug":"tarifs","status":"publish","type":"page","link":"https:\/\/soleilrouge.fr\/index.php\/tarifs\/","title":{"rendered":"Tarifs des Locations Saisonni\u00e8res"},"content":{"rendered":"\n<div id=\"rpt_pricr\" class=\"rpt_plans rpt_3_plans rpt_style_basic\"><div class=\"\"><div class=\"rpt_plan  rpt_plugin_f rpt_plan_0  \"><div style=\"text-align:center;\" class=\"rpt_title rpt_title_0\">Gite 3 Pi\u00e8ces - Mimosa<\/div><div class=\"rpt_head rpt_head_0\"><div class=\"rpt_recurrence rpt_recurrence_0\">par nuit\u00e9e pour 6 couchages<\/div><div class=\"rpt_price rpt_price_0\">A partir de 125 \u20ac<\/div><div style=\"color:#27918a;\" class=\"rpt_subtitle rpt_subtitle_0\">Appartement de 60 m\u00b2 avec Canap\u00e9 lit<br> Coin repas, coin cuisine, 2 chambres <br> Terrasse privative<\/div><div class=\"rpt_description rpt_description_0\"><b>Octobre \u00e0 Avril<\/b> : 3 nuits minimum. <br>A partir de 125 \u20ac \/ nuit\u00e9e <br><br><b>Mai - Juin - Septembre <\/b>  : 3 nuits minimum. <br>A partir de 135 \u20ac \/ nuit\u00e9e. <br><br><b>Juillet \u2013 Aout <\/b>: A la semaine (du samedi au samedi)<br> A partir de 1150 \u20ac \/ semaine. <br><br><\/b><\/div><\/div><a target=\"_blank\" href=\"https:\/\/soleilrouge.fr\/index.php\/gite-mimosa-3-pieces-6-couchages\/\" style=\"background:#27918a\" class=\"rpt_foot rpt_foot_0\">En savoir + sur Mimosa<\/a><\/div><div class=\"rpt_plan  rpt_plugin_f rpt_plan_1  \"><div style=\"text-align:center;\" class=\"rpt_title rpt_title_1\">Gite Studio - Lavande<\/div><div class=\"rpt_head rpt_head_1\"><div class=\"rpt_recurrence rpt_recurrence_1\">par nuit\u00e9e pour 2 personnes<\/div><div class=\"rpt_price rpt_price_1\">A partir de 92 \u20ac<\/div><div style=\"color:#27918a;\" class=\"rpt_subtitle rpt_subtitle_1\">Appartement de 28 m\u00b2 avec lit Queensize <br>Coin cuisine, Baignoire <br> Terrasse privative<\/div><div class=\"rpt_description rpt_description_1\"><b>Octobre \u00e0 Avril<\/b> : 3 nuits minimum. <br>A partir de 92 \u20ac \/ nuit\u00e9e <br><br><b>Mai - Juin - Septembre <\/b>  : 3 nuits minimum. <br>A partir de 98 \u20ac \/ nuit\u00e9e. <br><br><b>Juillet \u2013 Aout <\/b>: A la semaine (du samedi au samedi)<br> A partir de 910 \u20ac \/ semaine. <br><br><\/b><\/div><\/div><a target=\"_blank\" href=\"https:\/\/soleilrouge.fr\/index.php\/gite-lavande\/\" style=\"background:#27918a\" class=\"rpt_foot rpt_foot_1\">En savoir + sur Lavande<\/a><\/div><div class=\"rpt_plan  rpt_plugin_f rpt_plan_2  \"><div style=\"text-align:center;\" class=\"rpt_title rpt_title_2\">Gite Studio - Coquelicot<\/div><div class=\"rpt_head rpt_head_2\"><div class=\"rpt_recurrence rpt_recurrence_2\">par nuit\u00e9e pour 2 personnes<\/div><div class=\"rpt_price rpt_price_2\">A partir de 90 \u20ac<\/div><div style=\"color:#27918a;\" class=\"rpt_subtitle rpt_subtitle_2\">Appartement de 28 m\u00b2 avec lit double<br>Coin cuisine, Douche <br> Terrasse privative<\/div><div class=\"rpt_description rpt_description_2\"><b>Octobre \u00e0 Avril<\/b> : 3 nuits minimum. <br>A partir de 90 \u20ac \/ nuit\u00e9e <br><br><b>Mai - Juin - Septembre <\/b>  : 3 nuits minimum. <br>A partir de 100 \u20ac \/ nuit\u00e9e. <br><br><b>Juillet \u2013 Aout <\/b>: A la semaine (du samedi au samedi)<br> A partir de 840 \u20ac \/ semaine. <br><br><\/b><\/div><\/div><a target=\"_blank\" href=\"https:\/\/soleilrouge.fr\/index.php\/gite-coquelicot\/\" style=\"background:#27918a\" class=\"rpt_foot rpt_foot_2\">En savoir + sur Coquelicot<\/a><\/div><\/div><\/div><div style=\"clear:both;\"><\/div>\n\n\n\n<p class=\"has-text-align-center\"><strong>Piscine  sans suppl\u00e9ment  r\u00e9serv\u00e9e pour les locations<br> Solarium (Exposition Sud-Ouest , face au Mont Vinaigre). <br> Wifi gratuit int\u00e9rieur et ext\u00e9rieur. <br> Chambre non fumeur. <br> Climatisation dans tous les appartements.<\/strong><\/p>\n\n\n\n<p class=\"has-text-align-center\">Ces tarifs sont \u00e0 titre indicatif et sont soumis \u00e0 variation selon la p\u00e9riode et la dur\u00e9e de votre s\u00e9jour (offre remboursable ou non remboursable).<br>Merci de nous contacter pour un devis pr\u00e9cis ici :<\/p>\n\n\n<div class=\"wp-block-image is-style-default\">\n<figure class=\"aligncenter size-medium is-resized\"><a href=\"https:\/\/soleilrouge.fr\/index.php\/contact-et-reservation\/\"><img loading=\"lazy\" decoding=\"async\" width=\"300\" height=\"300\" src=\"https:\/\/soleilrouge.fr\/wp-content\/uploads\/2019\/12\/Logo-Soleil-Rouge-New-300x300.png\" alt=\"Demandez un devis personnalis\u00e9\" class=\"wp-image-58\" style=\"width:150px;height:150px\" srcset=\"https:\/\/soleilrouge.fr\/wp-content\/uploads\/2019\/12\/Logo-Soleil-Rouge-New.png 300w, https:\/\/soleilrouge.fr\/wp-content\/uploads\/2019\/12\/Logo-Soleil-Rouge-New-150x150.png 150w\" sizes=\"auto, (max-width: 300px) 100vw, 300px\" \/><\/a><\/figure>\n<\/div>\n\n\n<p class=\"has-text-align-center\"><strong>Demandez votre Devis Personnalis\u00e9<\/strong><\/p>\n\n\n\n<p class=\"has-text-align-center\">Tarif des prestations compl\u00e9mentaires disponibles sur demande<\/p>\n\n\n\n<p><strong>Conditions de r\u00e9servation &nbsp;<\/strong><\/p>\n\n\n\n<p>Caution Appartement : 300 \u20ac par location. Restitu\u00e9e en fin  s\u00e9jour si aucune d\u00e9gradation n&rsquo;est constat\u00e9e dans la propri\u00e9t\u00e9 ou la location.<\/p>\n\n\n\n<p>Caution de m\u00e9nage : 50 \u20ac \u00e0 100 \u20ac selon l&rsquo;appartement et la dur\u00e9e du s\u00e9jour<\/p>\n\n\n\n<p><\/p>\n\n\n\n<figure class=\"wp-block-table is-style-regular\"><table class=\"has-background\" style=\"background-color:#fcf0ef\"><tbody><tr><td>Taxe de s\u00e9jour <\/td><td>2.16  \u20ac \/ jour \/ personne (+ de 18 ans)<\/td><\/tr><tr><td>Animal (Chat- Chien)<\/td><td>5 \u20ac \/ jour\/ Animal<\/td><\/tr><tr><td>Location de draps <\/td><td>15 \u20ac \/ lit<\/td><\/tr><tr><td>Location de serviettes<\/td><td>15 \u20ac \/ personne<\/td><\/tr><tr><td>Adulte suppl\u00e9mentaire sur lit d&rsquo;appoint<\/td><td>20 \u20ac \/ nuit\u00e9e &#8211; 110 \u20ac \/ semaine<\/td><\/tr><tr><td>Enfant (jusqu&rsquo;\u00e0 3 ans) sur lit d&rsquo;appoint <\/td><td>10 \u20ac \/ nuit\u00e9e &#8211; 60 \u20ac \/ semaine<\/td><\/tr><tr><td>Machine \u00e0 laver dans buanderie  <\/td><td>5 \u20ac \/ Jeton<\/td><\/tr><tr><td>Barbecue \u00e9lectrique <\/td><td>5 \u20ac \/ jour &#8211; 20 \u20ac \/ semaine<\/td><\/tr><tr><td>M\u00e9nage fin de s\u00e9jour si non effectu\u00e9 par le locataire <\/td><td>50 \u20ac- 80 \u20ac \/ studio &#8211; <br>70 \u20ac \/ 100 \u20acappartement<\/td><\/tr><tr><td>Frais de charge \u00e9lectrique pour v\u00e9lo<\/td><td>2 \u20ac \/ Jour \/ v\u00e9lo <\/td><\/tr><\/tbody><\/table><\/figure>\n\n\n\n<p>50 % \u00e0 la r\u00e9servation solde \u00e0 l\u2019arriv\u00e9e. <\/p>\n\n\n\n<p>Frais de gestion administrative ( Ch\u00e8ques vacances) : 10 \u20ac. Attention les ch\u00e8ques vacances ne sont pas utilisables pour la taxe de s\u00e9jour et les options compl\u00e9mentaires.<\/p>\n\n\n\n<p>Tarification en offre remboursable jusqu\u2019\u00e0 60 jours avant l&rsquo;arriv\u00e9e ou en offre non remboursable selon votre souhait : demandez votre devis par mail en precisant vos dates et le gite souhait\u00e9.<\/p>\n\n\n\n<p>Toute modification de dates de s\u00e9jours\nou annulation doit \u00eatre notifi\u00e9e au propri\u00e9taire par email ou courrier avant le\nd\u00e9but du s\u00e9jour.<\/p>\n\n\n\n<p>En cas d\u2019annulation, dans un d\u00e9lai\nsup\u00e9rieur \u00e0 60 jours avant la date d\u2019arriv\u00e9e, nous retiendrons 20 \u20ac de frais de\ndossier et frais bancaires sur les arrhes d\u00e9j\u00e0 per\u00e7us et le reste vous sera\nrestitu\u00e9 par ch\u00e8que dans un d\u00e9lais d\u2019une semaine (7 jours)<\/p>\n\n\n\n<p>En cas d\u2019annulation \u00e0 moins de 60 jours,\nnous retiendrons les arrhes vers\u00e9es du montant total de la r\u00e9servation.<\/p>\n\n\n\n<p>En cas d\u2019annulation le jour d\u2019arriv\u00e9e ou\nun no-show, le propri\u00e9taire se r\u00e9serve le droit de vous demander\nd\u2019acquitter&nbsp;l\u2019int\u00e9gralit\u00e9 du s\u00e9jour r\u00e9serv\u00e9 sauf accord pr\u00e9alable.<\/p>\n\n\n\n<p>En cas d\u2019interruption de s\u00e9jour \u00e0\nl\u2019initiative du client et sauf accord du propri\u00e9taire, la somme correspondant\nau prix total du s\u00e9jour restera due au propri\u00e9taire.<\/p>\n\n\n\n<p><\/p>\n\n\n\n<p><\/p>\n","protected":false},"excerpt":{"rendered":"<p>Piscine sans suppl\u00e9ment r\u00e9serv\u00e9e pour les locations Solarium (Exposition Sud-Ouest , face au Mont Vinaigre). Wifi gratuit int\u00e9rieur et ext\u00e9rieur. Chambre non fumeur. Climatisation dans tous les appartements. Ces tarifs sont \u00e0 titre indicatif et sont soumis \u00e0 variation selon la p\u00e9riode et la dur\u00e9e de votre s\u00e9jour (offre remboursable ou non remboursable).Merci de nous [&hellip;]<\/p>\n","protected":false},"author":1,"featured_media":0,"parent":0,"menu_order":0,"comment_status":"closed","ping_status":"closed","template":"","meta":{"footnotes":""},"class_list":["post-109","page","type-page","status-publish","hentry"],"yoast_head":"<!-- This site is optimized with the Yoast SEO plugin v24.9 - https:\/\/yoast.com\/wordpress\/plugins\/seo\/ -->\n<title>Tarifs des Locations Saisonni\u00e8res - SOLEIL ROUGE<\/title>\n<meta name=\"description\" content=\"Location de vacances en g\u00eetes class\u00e9s 3* id\u00e9alement situ\u00e9 entre Fr\u00e9jus et Cannes. Repos et soleil, proche des plus belles plages de la c\u00f4te d&#039;azur.\" \/>\n<meta name=\"robots\" content=\"index, follow, max-snippet:-1, max-image-preview:large, max-video-preview:-1\" \/>\n<link rel=\"canonical\" href=\"https:\/\/soleilrouge.fr\/index.php\/tarifs\/\" \/>\n<meta property=\"og:locale\" content=\"fr_FR\" \/>\n<meta property=\"og:type\" content=\"article\" \/>\n<meta property=\"og:title\" content=\"Tarifs des Locations Saisonni\u00e8res - SOLEIL ROUGE\" \/>\n<meta property=\"og:description\" content=\"Location de vacances en g\u00eetes class\u00e9s 3* id\u00e9alement situ\u00e9 entre Fr\u00e9jus et Cannes. Repos et soleil, proche des plus belles plages de la c\u00f4te d&#039;azur.\" \/>\n<meta property=\"og:url\" content=\"https:\/\/soleilrouge.fr\/index.php\/tarifs\/\" \/>\n<meta property=\"og:site_name\" content=\"SOLEIL ROUGE\" \/>\n<meta property=\"article:publisher\" content=\"https:\/\/www.facebook.com\/gites.soleil.rouge\/\" \/>\n<meta property=\"article:modified_time\" content=\"2024-12-18T10:46:46+00:00\" \/>\n<meta property=\"og:image\" content=\"https:\/\/soleilrouge.fr\/wp-content\/uploads\/2019\/12\/Logo-Soleil-Rouge-New.png\" \/>\n\t<meta property=\"og:image:width\" content=\"300\" \/>\n\t<meta property=\"og:image:height\" content=\"300\" \/>\n\t<meta property=\"og:image:type\" content=\"image\/png\" \/>\n<meta name=\"twitter:card\" content=\"summary_large_image\" \/>\n<meta name=\"twitter:label1\" content=\"Dur\u00e9e de lecture estim\u00e9e\" \/>\n\t<meta name=\"twitter:data1\" content=\"3 minutes\" \/>\n<script type=\"application\/ld+json\" class=\"yoast-schema-graph\">{\"@context\":\"https:\/\/schema.org\",\"@graph\":[{\"@type\":\"WebPage\",\"@id\":\"https:\/\/soleilrouge.fr\/index.php\/tarifs\/\",\"url\":\"https:\/\/soleilrouge.fr\/index.php\/tarifs\/\",\"name\":\"Tarifs des Locations Saisonni\u00e8res - SOLEIL ROUGE\",\"isPartOf\":{\"@id\":\"https:\/\/soleilrouge.fr\/#website\"},\"primaryImageOfPage\":{\"@id\":\"https:\/\/soleilrouge.fr\/index.php\/tarifs\/#primaryimage\"},\"image\":{\"@id\":\"https:\/\/soleilrouge.fr\/index.php\/tarifs\/#primaryimage\"},\"thumbnailUrl\":\"https:\/\/soleilrouge.fr\/wp-content\/uploads\/2019\/12\/Logo-Soleil-Rouge-New-300x300.png\",\"datePublished\":\"2019-12-27T19:33:27+00:00\",\"dateModified\":\"2024-12-18T10:46:46+00:00\",\"description\":\"Location de vacances en g\u00eetes class\u00e9s 3* id\u00e9alement situ\u00e9 entre Fr\u00e9jus et Cannes. Repos et soleil, proche des plus belles plages de la c\u00f4te d'azur.\",\"breadcrumb\":{\"@id\":\"https:\/\/soleilrouge.fr\/index.php\/tarifs\/#breadcrumb\"},\"inLanguage\":\"fr-FR\",\"potentialAction\":[{\"@type\":\"ReadAction\",\"target\":[\"https:\/\/soleilrouge.fr\/index.php\/tarifs\/\"]}]},{\"@type\":\"ImageObject\",\"inLanguage\":\"fr-FR\",\"@id\":\"https:\/\/soleilrouge.fr\/index.php\/tarifs\/#primaryimage\",\"url\":\"https:\/\/soleilrouge.fr\/wp-content\/uploads\/2019\/12\/Logo-Soleil-Rouge-New.png\",\"contentUrl\":\"https:\/\/soleilrouge.fr\/wp-content\/uploads\/2019\/12\/Logo-Soleil-Rouge-New.png\",\"width\":300,\"height\":300,\"caption\":\"Demandez un devis personnalis\u00e9\"},{\"@type\":\"BreadcrumbList\",\"@id\":\"https:\/\/soleilrouge.fr\/index.php\/tarifs\/#breadcrumb\",\"itemListElement\":[{\"@type\":\"ListItem\",\"position\":1,\"name\":\"Accueil\",\"item\":\"https:\/\/soleilrouge.fr\/\"},{\"@type\":\"ListItem\",\"position\":2,\"name\":\"Tarifs des Locations Saisonni\u00e8res\"}]},{\"@type\":\"WebSite\",\"@id\":\"https:\/\/soleilrouge.fr\/#website\",\"url\":\"https:\/\/soleilrouge.fr\/\",\"name\":\"SOLEIL ROUGE\",\"description\":\"G\u00eetes de tourisme class\u00e9s *** au c\u0153ur de l&#039;Esterel (Var - France)\",\"publisher\":{\"@id\":\"https:\/\/soleilrouge.fr\/#organization\"},\"potentialAction\":[{\"@type\":\"SearchAction\",\"target\":{\"@type\":\"EntryPoint\",\"urlTemplate\":\"https:\/\/soleilrouge.fr\/?s={search_term_string}\"},\"query-input\":{\"@type\":\"PropertyValueSpecification\",\"valueRequired\":true,\"valueName\":\"search_term_string\"}}],\"inLanguage\":\"fr-FR\"},{\"@type\":\"Organization\",\"@id\":\"https:\/\/soleilrouge.fr\/#organization\",\"name\":\"Gites Soleil Rouge\",\"url\":\"https:\/\/soleilrouge.fr\/\",\"logo\":{\"@type\":\"ImageObject\",\"inLanguage\":\"fr-FR\",\"@id\":\"https:\/\/soleilrouge.fr\/#\/schema\/logo\/image\/\",\"url\":\"https:\/\/soleilrouge.fr\/wp-content\/uploads\/2019\/12\/cropped-Logo-Soleil-Rouge-New.png\",\"contentUrl\":\"https:\/\/soleilrouge.fr\/wp-content\/uploads\/2019\/12\/cropped-Logo-Soleil-Rouge-New.png\",\"width\":512,\"height\":512,\"caption\":\"Gites Soleil Rouge\"},\"image\":{\"@id\":\"https:\/\/soleilrouge.fr\/#\/schema\/logo\/image\/\"},\"sameAs\":[\"https:\/\/www.facebook.com\/gites.soleil.rouge\/\"]}]}<\/script>\n<!-- \/ Yoast SEO plugin. -->","yoast_head_json":{"title":"Tarifs des Locations Saisonni\u00e8res - SOLEIL ROUGE","description":"Location de vacances en g\u00eetes class\u00e9s 3* id\u00e9alement situ\u00e9 entre Fr\u00e9jus et Cannes. Repos et soleil, proche des plus belles plages de la c\u00f4te d'azur.","robots":{"index":"index","follow":"follow","max-snippet":"max-snippet:-1","max-image-preview":"max-image-preview:large","max-video-preview":"max-video-preview:-1"},"canonical":"https:\/\/soleilrouge.fr\/index.php\/tarifs\/","og_locale":"fr_FR","og_type":"article","og_title":"Tarifs des Locations Saisonni\u00e8res - SOLEIL ROUGE","og_description":"Location de vacances en g\u00eetes class\u00e9s 3* id\u00e9alement situ\u00e9 entre Fr\u00e9jus et Cannes. Repos et soleil, proche des plus belles plages de la c\u00f4te d'azur.","og_url":"https:\/\/soleilrouge.fr\/index.php\/tarifs\/","og_site_name":"SOLEIL ROUGE","article_publisher":"https:\/\/www.facebook.com\/gites.soleil.rouge\/","article_modified_time":"2024-12-18T10:46:46+00:00","og_image":[{"width":300,"height":300,"url":"https:\/\/soleilrouge.fr\/wp-content\/uploads\/2019\/12\/Logo-Soleil-Rouge-New.png","type":"image\/png"}],"twitter_card":"summary_large_image","twitter_misc":{"Dur\u00e9e de lecture estim\u00e9e":"3 minutes"},"schema":{"@context":"https:\/\/schema.org","@graph":[{"@type":"WebPage","@id":"https:\/\/soleilrouge.fr\/index.php\/tarifs\/","url":"https:\/\/soleilrouge.fr\/index.php\/tarifs\/","name":"Tarifs des Locations Saisonni\u00e8res - SOLEIL ROUGE","isPartOf":{"@id":"https:\/\/soleilrouge.fr\/#website"},"primaryImageOfPage":{"@id":"https:\/\/soleilrouge.fr\/index.php\/tarifs\/#primaryimage"},"image":{"@id":"https:\/\/soleilrouge.fr\/index.php\/tarifs\/#primaryimage"},"thumbnailUrl":"https:\/\/soleilrouge.fr\/wp-content\/uploads\/2019\/12\/Logo-Soleil-Rouge-New-300x300.png","datePublished":"2019-12-27T19:33:27+00:00","dateModified":"2024-12-18T10:46:46+00:00","description":"Location de vacances en g\u00eetes class\u00e9s 3* id\u00e9alement situ\u00e9 entre Fr\u00e9jus et Cannes. Repos et soleil, proche des plus belles plages de la c\u00f4te d'azur.","breadcrumb":{"@id":"https:\/\/soleilrouge.fr\/index.php\/tarifs\/#breadcrumb"},"inLanguage":"fr-FR","potentialAction":[{"@type":"ReadAction","target":["https:\/\/soleilrouge.fr\/index.php\/tarifs\/"]}]},{"@type":"ImageObject","inLanguage":"fr-FR","@id":"https:\/\/soleilrouge.fr\/index.php\/tarifs\/#primaryimage","url":"https:\/\/soleilrouge.fr\/wp-content\/uploads\/2019\/12\/Logo-Soleil-Rouge-New.png","contentUrl":"https:\/\/soleilrouge.fr\/wp-content\/uploads\/2019\/12\/Logo-Soleil-Rouge-New.png","width":300,"height":300,"caption":"Demandez un devis personnalis\u00e9"},{"@type":"BreadcrumbList","@id":"https:\/\/soleilrouge.fr\/index.php\/tarifs\/#breadcrumb","itemListElement":[{"@type":"ListItem","position":1,"name":"Accueil","item":"https:\/\/soleilrouge.fr\/"},{"@type":"ListItem","position":2,"name":"Tarifs des Locations Saisonni\u00e8res"}]},{"@type":"WebSite","@id":"https:\/\/soleilrouge.fr\/#website","url":"https:\/\/soleilrouge.fr\/","name":"SOLEIL ROUGE","description":"G\u00eetes de tourisme class\u00e9s *** au c\u0153ur de l&#039;Esterel (Var - France)","publisher":{"@id":"https:\/\/soleilrouge.fr\/#organization"},"potentialAction":[{"@type":"SearchAction","target":{"@type":"EntryPoint","urlTemplate":"https:\/\/soleilrouge.fr\/?s={search_term_string}"},"query-input":{"@type":"PropertyValueSpecification","valueRequired":true,"valueName":"search_term_string"}}],"inLanguage":"fr-FR"},{"@type":"Organization","@id":"https:\/\/soleilrouge.fr\/#organization","name":"Gites Soleil Rouge","url":"https:\/\/soleilrouge.fr\/","logo":{"@type":"ImageObject","inLanguage":"fr-FR","@id":"https:\/\/soleilrouge.fr\/#\/schema\/logo\/image\/","url":"https:\/\/soleilrouge.fr\/wp-content\/uploads\/2019\/12\/cropped-Logo-Soleil-Rouge-New.png","contentUrl":"https:\/\/soleilrouge.fr\/wp-content\/uploads\/2019\/12\/cropped-Logo-Soleil-Rouge-New.png","width":512,"height":512,"caption":"Gites Soleil Rouge"},"image":{"@id":"https:\/\/soleilrouge.fr\/#\/schema\/logo\/image\/"},"sameAs":["https:\/\/www.facebook.com\/gites.soleil.rouge\/"]}]}},"_links":{"self":[{"href":"https:\/\/soleilrouge.fr\/index.php\/wp-json\/wp\/v2\/pages\/109","targetHints":{"allow":["GET"]}}],"collection":[{"href":"https:\/\/soleilrouge.fr\/index.php\/wp-json\/wp\/v2\/pages"}],"about":[{"href":"https:\/\/soleilrouge.fr\/index.php\/wp-json\/wp\/v2\/types\/page"}],"author":[{"embeddable":true,"href":"https:\/\/soleilrouge.fr\/index.php\/wp-json\/wp\/v2\/users\/1"}],"replies":[{"embeddable":true,"href":"https:\/\/soleilrouge.fr\/index.php\/wp-json\/wp\/v2\/comments?post=109"}],"version-history":[{"count":46,"href":"https:\/\/soleilrouge.fr\/index.php\/wp-json\/wp\/v2\/pages\/109\/revisions"}],"predecessor-version":[{"id":503,"href":"https:\/\/soleilrouge.fr\/index.php\/wp-json\/wp\/v2\/pages\/109\/revisions\/503"}],"wp:attachment":[{"href":"https:\/\/soleilrouge.fr\/index.php\/wp-json\/wp\/v2\/media?parent=109"}],"curies":[{"name":"wp","href":"https:\/\/api.w.org\/{rel}","templated":true}]}}